{"id":33,"date":"2026-03-25T03:00:58","date_gmt":"2026-03-25T03:00:58","guid":{"rendered":"https:\/\/phuccuong.io.vn\/?page_id=33"},"modified":"2026-05-08T16:52:15","modified_gmt":"2026-05-08T09:52:15","slug":"san-pham","status":"publish","type":"page","link":"https:\/\/thepphuccuong.com\/?page_id=33","title":{"rendered":"S\u1ea3n Ph\u1ea9m"},"content":{"rendered":"\t\t<div data-elementor-type=\"wp-page\" data-elementor-id=\"33\" class=\"elementor elementor-33\">\n\t\t\t\t<div class=\"elementor-element elementor-element-f1ed1d9 e-grid e-con-boxed e-con e-parent\" data-id=\"f1ed1d9\" data-element_type=\"container\" data-e-type=\"container\">\n\t\t\t\t\t<div class=\"e-con-inner\">\n\t\t\t\t<div class=\"elementor-element elementor-element-75a6a4c elementor-widget elementor-widget-image\" data-id=\"75a6a4c\" data-element_type=\"widget\" data-e-type=\"widget\" data-widget_type=\"image.default\">\n\t\t\t\t\t\t\t\t\t\t\t\t<figure class=\"wp-caption\">\n\t\t\t\t\t\t\t\t\t\t<img fetchpriority=\"high\" decoding=\"async\" width=\"500\" height=\"500\" src=\"https:\/\/thepphuccuong.com\/wp-content\/uploads\/2026\/03\/thep-tam-chong-truot-6378.jpg.webp\" class=\"attachment-large size-large wp-image-58\" alt=\"\" srcset=\"https:\/\/thepphuccuong.com\/wp-content\/uploads\/2026\/03\/thep-tam-chong-truot-6378.jpg.webp 500w, https:\/\/thepphuccuong.com\/wp-content\/uploads\/2026\/03\/thep-tam-chong-truot-6378.jpg-300x300.webp 300w, https:\/\/thepphuccuong.com\/wp-content\/uploads\/2026\/03\/thep-tam-chong-truot-6378.jpg-100x100.webp 100w, https:\/\/thepphuccuong.com\/wp-content\/uploads\/2026\/03\/thep-tam-chong-truot-6378.jpg-150x150.webp 150w\" sizes=\"(max-width: 500px) 100vw, 500px\" \/>\t\t\t\t\t\t\t\t\t\t\t<figcaption class=\"widget-image-caption wp-caption-text\">Th\u00e9p g\u00e2n \u0111en<\/figcaption>\n\t\t\t\t\t\t\t\t\t\t<\/figure>\n\t\t\t\t\t\t\t\t\t<\/div>\n\t\t\t\t<div class=\"elementor-element elementor-element-6698f97 elementor-widget elementor-widget-image\" data-id=\"6698f97\" data-element_type=\"widget\" data-e-type=\"widget\" data-widget_type=\"image.default\">\n\t\t\t\t\t\t\t\t\t\t\t\t\t\t\t<img decoding=\"async\" width=\"500\" height=\"500\" src=\"https:\/\/thepphuccuong.com\/wp-content\/uploads\/2026\/03\/cong-thuc-tinh-4095.jpg.webp\" class=\"attachment-large size-large wp-image-59\" alt=\"\" srcset=\"https:\/\/thepphuccuong.com\/wp-content\/uploads\/2026\/03\/cong-thuc-tinh-4095.jpg.webp 500w, https:\/\/thepphuccuong.com\/wp-content\/uploads\/2026\/03\/cong-thuc-tinh-4095.jpg-300x300.webp 300w, https:\/\/thepphuccuong.com\/wp-content\/uploads\/2026\/03\/cong-thuc-tinh-4095.jpg-100x100.webp 100w, https:\/\/thepphuccuong.com\/wp-content\/uploads\/2026\/03\/cong-thuc-tinh-4095.jpg-150x150.webp 150w\" sizes=\"(max-width: 500px) 100vw, 500px\" \/>\t\t\t\t\t\t\t\t\t\t\t\t\t\t\t<\/div>\n\t\t\t\t<div class=\"elementor-element elementor-element-403834f elementor-widget elementor-widget-image\" data-id=\"403834f\" data-element_type=\"widget\" data-e-type=\"widget\" data-widget_type=\"image.default\">\n\t\t\t\t\t\t\t\t\t\t\t\t<figure class=\"wp-caption\">\n\t\t\t\t\t\t\t\t\t\t<img decoding=\"async\" width=\"500\" height=\"500\" src=\"https:\/\/thepphuccuong.com\/wp-content\/uploads\/2026\/03\/thep-tam-ton-kem-8844.png.webp\" class=\"attachment-large size-large wp-image-60\" alt=\"\" srcset=\"https:\/\/thepphuccuong.com\/wp-content\/uploads\/2026\/03\/thep-tam-ton-kem-8844.png.webp 500w, https:\/\/thepphuccuong.com\/wp-content\/uploads\/2026\/03\/thep-tam-ton-kem-8844.png-300x300.webp 300w, https:\/\/thepphuccuong.com\/wp-content\/uploads\/2026\/03\/thep-tam-ton-kem-8844.png-100x100.webp 100w, https:\/\/thepphuccuong.com\/wp-content\/uploads\/2026\/03\/thep-tam-ton-kem-8844.png-150x150.webp 150w\" sizes=\"(max-width: 500px) 100vw, 500px\" \/>\t\t\t\t\t\t\t\t\t\t\t<figcaption class=\"widget-image-caption wp-caption-text\">T\u1ea5m t\u00f4n k\u1ebdm<\/figcaption>\n\t\t\t\t\t\t\t\t\t\t<\/figure>\n\t\t\t\t\t\t\t\t\t<\/div>\n\t\t\t\t<div class=\"elementor-element elementor-element-1beecd2 elementor-widget elementor-widget-image\" data-id=\"1beecd2\" data-element_type=\"widget\" data-e-type=\"widget\" data-widget_type=\"image.default\">\n\t\t\t\t\t\t\t\t\t\t\t\t<figure class=\"wp-caption\">\n\t\t\t\t\t\t\t\t\t\t<img loading=\"lazy\" decoding=\"async\" width=\"500\" height=\"500\" src=\"https:\/\/thepphuccuong.com\/wp-content\/uploads\/2026\/03\/ton-ma-mau-1-1859.jpg.webp\" class=\"attachment-large size-large wp-image-61\" alt=\"\" srcset=\"https:\/\/thepphuccuong.com\/wp-content\/uploads\/2026\/03\/ton-ma-mau-1-1859.jpg.webp 500w, https:\/\/thepphuccuong.com\/wp-content\/uploads\/2026\/03\/ton-ma-mau-1-1859.jpg-300x300.webp 300w, https:\/\/thepphuccuong.com\/wp-content\/uploads\/2026\/03\/ton-ma-mau-1-1859.jpg-100x100.webp 100w, https:\/\/thepphuccuong.com\/wp-content\/uploads\/2026\/03\/ton-ma-mau-1-1859.jpg-150x150.webp 150w\" sizes=\"(max-width: 500px) 100vw, 500px\" \/>\t\t\t\t\t\t\t\t\t\t\t<figcaption class=\"widget-image-caption wp-caption-text\">Cu\u1ed9n m\u1ea1 L\u1ea1nh <\/figcaption>\n\t\t\t\t\t\t\t\t\t\t<\/figure>\n\t\t\t\t\t\t\t\t\t<\/div>\n\t\t\t\t<div class=\"elementor-element elementor-element-20ab390 elementor-widget elementor-widget-image\" data-id=\"20ab390\" data-element_type=\"widget\" data-e-type=\"widget\" data-widget_type=\"image.default\">\n\t\t\t\t\t\t\t\t\t\t\t\t<figure class=\"wp-caption\">\n\t\t\t\t\t\t\t\t\t\t<img loading=\"lazy\" decoding=\"async\" width=\"500\" height=\"500\" src=\"https:\/\/thepphuccuong.com\/wp-content\/uploads\/2026\/03\/z6888671275878ca539b6c1024c3424dcb0b804b2fe60b-1754707069.jpg.webp\" class=\"attachment-large size-large wp-image-62\" alt=\"\" srcset=\"https:\/\/thepphuccuong.com\/wp-content\/uploads\/2026\/03\/z6888671275878ca539b6c1024c3424dcb0b804b2fe60b-1754707069.jpg.webp 500w, https:\/\/thepphuccuong.com\/wp-content\/uploads\/2026\/03\/z6888671275878ca539b6c1024c3424dcb0b804b2fe60b-1754707069.jpg-300x300.webp 300w, https:\/\/thepphuccuong.com\/wp-content\/uploads\/2026\/03\/z6888671275878ca539b6c1024c3424dcb0b804b2fe60b-1754707069.jpg-100x100.webp 100w, https:\/\/thepphuccuong.com\/wp-content\/uploads\/2026\/03\/z6888671275878ca539b6c1024c3424dcb0b804b2fe60b-1754707069.jpg-150x150.webp 150w\" sizes=\"(max-width: 500px) 100vw, 500px\" \/>\t\t\t\t\t\t\t\t\t\t\t<figcaption class=\"widget-image-caption wp-caption-text\">T\u00f4n Ng\u00f3i<\/figcaption>\n\t\t\t\t\t\t\t\t\t\t<\/figure>\n\t\t\t\t\t\t\t\t\t<\/div>\n\t\t\t\t<div class=\"elementor-element elementor-element-4b7befd elementor-widget elementor-widget-image\" data-id=\"4b7befd\" data-element_type=\"widget\" data-e-type=\"widget\" data-widget_type=\"image.default\">\n\t\t\t\t\t\t\t\t\t\t\t\t\t\t\t<img loading=\"lazy\" decoding=\"async\" width=\"500\" height=\"500\" src=\"https:\/\/thepphuccuong.com\/wp-content\/uploads\/2026\/03\/z6905423780502b7f339597df4964c2c9d08ae9bfb324d-1755143077.jpg.webp\" class=\"attachment-large size-large wp-image-63\" alt=\"\" srcset=\"https:\/\/thepphuccuong.com\/wp-content\/uploads\/2026\/03\/z6905423780502b7f339597df4964c2c9d08ae9bfb324d-1755143077.jpg.webp 500w, https:\/\/thepphuccuong.com\/wp-content\/uploads\/2026\/03\/z6905423780502b7f339597df4964c2c9d08ae9bfb324d-1755143077.jpg-300x300.webp 300w, https:\/\/thepphuccuong.com\/wp-content\/uploads\/2026\/03\/z6905423780502b7f339597df4964c2c9d08ae9bfb324d-1755143077.jpg-100x100.webp 100w, https:\/\/thepphuccuong.com\/wp-content\/uploads\/2026\/03\/z6905423780502b7f339597df4964c2c9d08ae9bfb324d-1755143077.jpg-150x150.webp 150w\" sizes=\"(max-width: 500px) 100vw, 500px\" \/>\t\t\t\t\t\t\t\t\t\t\t\t\t\t\t<\/div>\n\t\t\t\t<div class=\"elementor-element elementor-element-c36c247 elementor-widget elementor-widget-image\" data-id=\"c36c247\" data-element_type=\"widget\" data-e-type=\"widget\" data-widget_type=\"image.default\">\n\t\t\t\t\t\t\t\t\t\t\t\t\t\t\t<img loading=\"lazy\" decoding=\"async\" width=\"500\" height=\"500\" src=\"https:\/\/thepphuccuong.com\/wp-content\/uploads\/2026\/03\/z7040444188443e5d344e2c1458a80652580a1d59969b0-1758595129.jpg.webp\" class=\"attachment-large size-large wp-image-64\" alt=\"\" srcset=\"https:\/\/thepphuccuong.com\/wp-content\/uploads\/2026\/03\/z7040444188443e5d344e2c1458a80652580a1d59969b0-1758595129.jpg.webp 500w, https:\/\/thepphuccuong.com\/wp-content\/uploads\/2026\/03\/z7040444188443e5d344e2c1458a80652580a1d59969b0-1758595129.jpg-300x300.webp 300w, https:\/\/thepphuccuong.com\/wp-content\/uploads\/2026\/03\/z7040444188443e5d344e2c1458a80652580a1d59969b0-1758595129.jpg-100x100.webp 100w, https:\/\/thepphuccuong.com\/wp-content\/uploads\/2026\/03\/z7040444188443e5d344e2c1458a80652580a1d59969b0-1758595129.jpg-150x150.webp 150w\" sizes=\"(max-width: 500px) 100vw, 500px\" \/>\t\t\t\t\t\t\t\t\t\t\t\t\t\t\t<\/div>\n\t\t\t\t\t<\/div>\n\t\t\t\t<\/div>\n\t\t\t\t<\/div>\n\t\t","protected":false},"excerpt":{"rendered":"<p>Th\u00e9p g\u00e2n \u0111en T\u1ea5m t\u00f4n k\u1ebdm Cu\u1ed9n m\u1ea1 L\u1ea1nh T\u00f4n Ng\u00f3i<\/p>\n","protected":false},"author":1,"featured_media":0,"parent":0,"menu_order":0,"comment_status":"closed","ping_status":"closed","template":"","meta":{"site-sidebar-layout":"default","site-content-layout":"","ast-site-content-layout":"default","site-content-style":"default","site-sidebar-style":"default","ast-global-header-display":"","ast-banner-title-visibility":"","ast-main-header-display":"","ast-hfb-above-header-display":"","ast-hfb-below-header-display":"","ast-hfb-mobile-header-display":"","site-post-title":"","ast-breadcrumbs-content":"","ast-featured-img":"","footer-sml-layout":"","ast-disable-related-posts":"","theme-transparent-header-meta":"","adv-header-id-meta":"","stick-header-meta":"","header-above-stick-meta":"","header-main-stick-meta":"","header-below-stick-meta":"","astra-migrate-meta-layouts":"default","ast-page-background-enabled":"default","ast-page-background-meta":{"desktop":{"background-color":"var(--ast-global-color-5)","background-image":"","background-repeat":"repeat","background-position":"center center","background-size":"auto","background-attachment":"scroll","background-type":"","background-media":"","overlay-type":"","overlay-color":"","overlay-opacity":"","overlay-gradient":""},"tablet":{"background-color":"","background-image":"","background-repeat":"repeat","background-position":"center center","background-size":"auto","background-attachment":"scroll","background-type":"","background-media":"","overlay-type":"","overlay-color":"","overlay-opacity":"","overlay-gradient":""},"mobile":{"background-color":"","background-image":"","background-repeat":"repeat","background-position":"center center","background-size":"auto","background-attachment":"scroll","background-type":"","background-media":"","overlay-type":"","overlay-color":"","overlay-opacity":"","overlay-gradient":""}},"ast-content-background-meta":{"desktop":{"background-color":"var(--ast-global-color-4)","background-image":"","background-repeat":"repeat","background-position":"center center","background-size":"auto","background-attachment":"scroll","background-type":"","background-media":"","overlay-type":"","overlay-color":"","overlay-opacity":"","overlay-gradient":""},"tablet":{"background-color":"var(--ast-global-color-4)","background-image":"","background-repeat":"repeat","background-position":"center center","background-size":"auto","background-attachment":"scroll","background-type":"","background-media":"","overlay-type":"","overlay-color":"","overlay-opacity":"","overlay-gradient":""},"mobile":{"background-color":"var(--ast-global-color-4)","background-image":"","background-repeat":"repeat","background-position":"center center","background-size":"auto","background-attachment":"scroll","background-type":"","background-media":"","overlay-type":"","overlay-color":"","overlay-opacity":"","overlay-gradient":""}},"footnotes":""},"class_list":["post-33","page","type-page","status-publish","hentry"],"jetpack_sharing_enabled":true,"_links":{"self":[{"href":"https:\/\/thepphuccuong.com\/index.php?rest_route=\/wp\/v2\/pages\/33","targetHints":{"allow":["GET"]}}],"collection":[{"href":"https:\/\/thepphuccuong.com\/index.php?rest_route=\/wp\/v2\/pages"}],"about":[{"href":"https:\/\/thepphuccuong.com\/index.php?rest_route=\/wp\/v2\/types\/page"}],"author":[{"embeddable":true,"href":"https:\/\/thepphuccuong.com\/index.php?rest_route=\/wp\/v2\/users\/1"}],"replies":[{"embeddable":true,"href":"https:\/\/thepphuccuong.com\/index.php?rest_route=%2Fwp%2Fv2%2Fcomments&post=33"}],"version-history":[{"count":4,"href":"https:\/\/thepphuccuong.com\/index.php?rest_route=\/wp\/v2\/pages\/33\/revisions"}],"predecessor-version":[{"id":68,"href":"https:\/\/thepphuccuong.com\/index.php?rest_route=\/wp\/v2\/pages\/33\/revisions\/68"}],"wp:attachment":[{"href":"https:\/\/thepphuccuong.com\/index.php?rest_route=%2Fwp%2Fv2%2Fmedia&parent=33"}],"curies":[{"name":"wp","href":"https:\/\/api.w.org\/{rel}","templated":true}]}}